{"id":4284,"date":"2018-11-12T11:50:12","date_gmt":"2018-11-12T11:50:12","guid":{"rendered":"https:\/\/demo.themeisle.com\/hestia-default\/hestia-front\/"},"modified":"2025-04-01T14:50:55","modified_gmt":"2025-04-01T14:50:55","slug":"065c0-hestia-front","status":"publish","type":"page","link":"https:\/\/2022.tutorium.pt\/","title":{"rendered":"Front Page"},"content":{"rendered":"\n<h3 class=\"wp-block-heading has-text-align-center\" id=\"a-tutorium-servicos-e-um-estudio-especializado-e-multidisciplinar\"><strong>A Tutorium Servi\u00e7os \u00e9 um Est\u00fadio, Especializados e Multidisciplinar<\/strong>.<\/h3>\n\n\n\n<p class=\"has-drop-cap\">Marcas que se colam aos seus clientes e que v\u00e3o na sua mem\u00f3ria. S\u00e3o marcas que pela sua natureza interventiva s\u00e3o memor\u00e1veis e geram resultados. Potenciando a efic\u00e1cia dos seus sistemas de comunica\u00e7\u00e3o. A maioria das marcas presentes no mercado s\u00e3o passivas, criadas apenas com o papel de simbolizar uma institui\u00e7\u00e3o um produto ou um servi\u00e7o, esperando-se pouco mais que a sua exist\u00eancia. De forma geral estas marcas necessitam de um maior investimento para assumirem presen\u00e7a no mercado, porque todo o esfor\u00e7o de implementa\u00e7\u00e3o \u00e9 suportado por pesadas campanhas publicit\u00e1rias. As marcas reactivas, apresentam resultados apenas do seu esfor\u00e7o intervertido, focadas numa ideia forte que d\u00ea que falar ou numa mensagem subliminar estrat\u00e9gica.<\/p>\n","protected":false},"excerpt":{"rendered":"<p>A Tutorium Servi\u00e7os \u00e9 um Est\u00fadio, Especializados e Multidisciplinar. Marcas que se colam aos seus clientes e que v\u00e3o na sua mem\u00f3ria. S\u00e3o marcas que pela sua natureza interventiva s\u00e3o memor\u00e1veis e geram resultados. Potenciando a efic\u00e1cia dos seus sistemas de comunica\u00e7\u00e3o. A maioria das marcas presentes no mercado s\u00e3o [&hellip;]<\/p>\n","protected":false},"author":1,"featured_media":4345,"parent":0,"menu_order":0,"comment_status":"closed","ping_status":"closed","template":"","meta":{"footnotes":""},"class_list":["post-4284","page","type-page","status-publish","has-post-thumbnail","hentry"],"yoast_head":"<!-- This site is optimized with the Yoast SEO plugin v25.9 - https:\/\/yoast.com\/wordpress\/plugins\/seo\/ -->\n<title>Front Page - Tutorium Servi\u00e7os<\/title>\n<meta name=\"robots\" content=\"index, follow, max-snippet:-1, max-image-preview:large, max-video-preview:-1\" \/>\n<link rel=\"canonical\" href=\"https:\/\/2022.tutorium.pt\/\" \/>\n<meta property=\"og:locale\" content=\"pt_PT\" \/>\n<meta property=\"og:type\" content=\"article\" \/>\n<meta property=\"og:title\" content=\"Front Page - Tutorium Servi\u00e7os\" \/>\n<meta property=\"og:description\" content=\"A Tutorium Servi\u00e7os \u00e9 um Est\u00fadio, Especializados e Multidisciplinar. Marcas que se colam aos seus clientes e que v\u00e3o na sua mem\u00f3ria. S\u00e3o marcas que pela sua natureza interventiva s\u00e3o memor\u00e1veis e geram resultados. Potenciando a efic\u00e1cia dos seus sistemas de comunica\u00e7\u00e3o. A maioria das marcas presentes no mercado s\u00e3o [&hellip;]\" \/>\n<meta property=\"og:url\" content=\"https:\/\/2022.tutorium.pt\/\" \/>\n<meta property=\"og:site_name\" content=\"Tutorium Servi\u00e7os\" \/>\n<meta property=\"article:publisher\" content=\"https:\/\/www.facebook.com\/Traducao.Design\" \/>\n<meta property=\"article:modified_time\" content=\"2025-04-01T14:50:55+00:00\" \/>\n<meta property=\"og:image\" content=\"https:\/\/2022.tutorium.pt\/wp-content\/uploads\/2022\/02\/lampedas.png\" \/>\n\t<meta property=\"og:image:width\" content=\"1600\" \/>\n\t<meta property=\"og:image:height\" content=\"1189\" \/>\n\t<meta property=\"og:image:type\" content=\"image\/png\" \/>\n<meta name=\"twitter:card\" content=\"summary_large_image\" \/>\n<meta name=\"twitter:label1\" content=\"Tempo estimado de leitura\" \/>\n\t<meta name=\"twitter:data1\" content=\"1 minuto\" \/>\n<script type=\"application\/ld+json\" class=\"yoast-schema-graph\">{\"@context\":\"https:\/\/schema.org\",\"@graph\":[{\"@type\":\"WebPage\",\"@id\":\"https:\/\/2022.tutorium.pt\/\",\"url\":\"https:\/\/2022.tutorium.pt\/\",\"name\":\"Front Page - Tutorium Servi\u00e7os\",\"isPartOf\":{\"@id\":\"https:\/\/2022.tutorium.pt\/#website\"},\"primaryImageOfPage\":{\"@id\":\"https:\/\/2022.tutorium.pt\/#primaryimage\"},\"image\":{\"@id\":\"https:\/\/2022.tutorium.pt\/#primaryimage\"},\"thumbnailUrl\":\"https:\/\/2022.tutorium.pt\/wp-content\/uploads\/2022\/02\/lampedas.png\",\"datePublished\":\"2018-11-12T11:50:12+00:00\",\"dateModified\":\"2025-04-01T14:50:55+00:00\",\"breadcrumb\":{\"@id\":\"https:\/\/2022.tutorium.pt\/#breadcrumb\"},\"inLanguage\":\"pt-PT\",\"potentialAction\":[{\"@type\":\"ReadAction\",\"target\":[\"https:\/\/2022.tutorium.pt\/\"]}]},{\"@type\":\"ImageObject\",\"inLanguage\":\"pt-PT\",\"@id\":\"https:\/\/2022.tutorium.pt\/#primaryimage\",\"url\":\"https:\/\/2022.tutorium.pt\/wp-content\/uploads\/2022\/02\/lampedas.png\",\"contentUrl\":\"https:\/\/2022.tutorium.pt\/wp-content\/uploads\/2022\/02\/lampedas.png\",\"width\":1600,\"height\":1189},{\"@type\":\"BreadcrumbList\",\"@id\":\"https:\/\/2022.tutorium.pt\/#breadcrumb\",\"itemListElement\":[{\"@type\":\"ListItem\",\"position\":1,\"name\":\"In\u00edcio\",\"item\":\"https:\/\/2022.tutorium.pt\/\"},{\"@type\":\"ListItem\",\"position\":2,\"name\":\"Front Page\"}]},{\"@type\":\"WebSite\",\"@id\":\"https:\/\/2022.tutorium.pt\/#website\",\"url\":\"https:\/\/2022.tutorium.pt\/\",\"name\":\"Tutorium Servi\u00e7os\",\"description\":\"Somos uma empresa que lhe oferece servi\u00e7os de forma\u00e7\u00e3o nos dom\u00ednios das l\u00ednguas e inform\u00e1tica, servi\u00e7os de tradu\u00e7\u00e3o e todo o tipo de servi\u00e7os de multim\u00e9dia (Design de Publicidade, Web design).Tradu\u00e7\u00e3o, Interpreta\u00e7\u00e3o, Multim\u00e9dia, Gest\u00e3o de Marca\",\"publisher\":{\"@id\":\"https:\/\/2022.tutorium.pt\/#organization\"},\"potentialAction\":[{\"@type\":\"SearchAction\",\"target\":{\"@type\":\"EntryPoint\",\"urlTemplate\":\"https:\/\/2022.tutorium.pt\/?s={search_term_string}\"},\"query-input\":{\"@type\":\"PropertyValueSpecification\",\"valueRequired\":true,\"valueName\":\"search_term_string\"}}],\"inLanguage\":\"pt-PT\"},{\"@type\":\"Organization\",\"@id\":\"https:\/\/2022.tutorium.pt\/#organization\",\"name\":\"Tutorium Servi\u00e7os\",\"url\":\"https:\/\/2022.tutorium.pt\/\",\"logo\":{\"@type\":\"ImageObject\",\"inLanguage\":\"pt-PT\",\"@id\":\"https:\/\/2022.tutorium.pt\/#\/schema\/logo\/image\/\",\"url\":\"https:\/\/2022.tutorium.pt\/wp-content\/uploads\/2022\/02\/tutorium_logo.png\",\"contentUrl\":\"https:\/\/2022.tutorium.pt\/wp-content\/uploads\/2022\/02\/tutorium_logo.png\",\"width\":300,\"height\":123,\"caption\":\"Tutorium Servi\u00e7os\"},\"image\":{\"@id\":\"https:\/\/2022.tutorium.pt\/#\/schema\/logo\/image\/\"},\"sameAs\":[\"https:\/\/www.facebook.com\/Traducao.Design\"]}]}<\/script>\n<!-- \/ Yoast SEO plugin. -->","yoast_head_json":{"title":"Front Page - Tutorium Servi\u00e7os","robots":{"index":"index","follow":"follow","max-snippet":"max-snippet:-1","max-image-preview":"max-image-preview:large","max-video-preview":"max-video-preview:-1"},"canonical":"https:\/\/2022.tutorium.pt\/","og_locale":"pt_PT","og_type":"article","og_title":"Front Page - Tutorium Servi\u00e7os","og_description":"A Tutorium Servi\u00e7os \u00e9 um Est\u00fadio, Especializados e Multidisciplinar. Marcas que se colam aos seus clientes e que v\u00e3o na sua mem\u00f3ria. S\u00e3o marcas que pela sua natureza interventiva s\u00e3o memor\u00e1veis e geram resultados. Potenciando a efic\u00e1cia dos seus sistemas de comunica\u00e7\u00e3o. A maioria das marcas presentes no mercado s\u00e3o [&hellip;]","og_url":"https:\/\/2022.tutorium.pt\/","og_site_name":"Tutorium Servi\u00e7os","article_publisher":"https:\/\/www.facebook.com\/Traducao.Design","article_modified_time":"2025-04-01T14:50:55+00:00","og_image":[{"width":1600,"height":1189,"url":"https:\/\/2022.tutorium.pt\/wp-content\/uploads\/2022\/02\/lampedas.png","type":"image\/png"}],"twitter_card":"summary_large_image","twitter_misc":{"Tempo estimado de leitura":"1 minuto"},"schema":{"@context":"https:\/\/schema.org","@graph":[{"@type":"WebPage","@id":"https:\/\/2022.tutorium.pt\/","url":"https:\/\/2022.tutorium.pt\/","name":"Front Page - Tutorium Servi\u00e7os","isPartOf":{"@id":"https:\/\/2022.tutorium.pt\/#website"},"primaryImageOfPage":{"@id":"https:\/\/2022.tutorium.pt\/#primaryimage"},"image":{"@id":"https:\/\/2022.tutorium.pt\/#primaryimage"},"thumbnailUrl":"https:\/\/2022.tutorium.pt\/wp-content\/uploads\/2022\/02\/lampedas.png","datePublished":"2018-11-12T11:50:12+00:00","dateModified":"2025-04-01T14:50:55+00:00","breadcrumb":{"@id":"https:\/\/2022.tutorium.pt\/#breadcrumb"},"inLanguage":"pt-PT","potentialAction":[{"@type":"ReadAction","target":["https:\/\/2022.tutorium.pt\/"]}]},{"@type":"ImageObject","inLanguage":"pt-PT","@id":"https:\/\/2022.tutorium.pt\/#primaryimage","url":"https:\/\/2022.tutorium.pt\/wp-content\/uploads\/2022\/02\/lampedas.png","contentUrl":"https:\/\/2022.tutorium.pt\/wp-content\/uploads\/2022\/02\/lampedas.png","width":1600,"height":1189},{"@type":"BreadcrumbList","@id":"https:\/\/2022.tutorium.pt\/#breadcrumb","itemListElement":[{"@type":"ListItem","position":1,"name":"In\u00edcio","item":"https:\/\/2022.tutorium.pt\/"},{"@type":"ListItem","position":2,"name":"Front Page"}]},{"@type":"WebSite","@id":"https:\/\/2022.tutorium.pt\/#website","url":"https:\/\/2022.tutorium.pt\/","name":"Tutorium Servi\u00e7os","description":"Somos uma empresa que lhe oferece servi\u00e7os de forma\u00e7\u00e3o nos dom\u00ednios das l\u00ednguas e inform\u00e1tica, servi\u00e7os de tradu\u00e7\u00e3o e todo o tipo de servi\u00e7os de multim\u00e9dia (Design de Publicidade, Web design).Tradu\u00e7\u00e3o, Interpreta\u00e7\u00e3o, Multim\u00e9dia, Gest\u00e3o de Marca","publisher":{"@id":"https:\/\/2022.tutorium.pt\/#organization"},"potentialAction":[{"@type":"SearchAction","target":{"@type":"EntryPoint","urlTemplate":"https:\/\/2022.tutorium.pt\/?s={search_term_string}"},"query-input":{"@type":"PropertyValueSpecification","valueRequired":true,"valueName":"search_term_string"}}],"inLanguage":"pt-PT"},{"@type":"Organization","@id":"https:\/\/2022.tutorium.pt\/#organization","name":"Tutorium Servi\u00e7os","url":"https:\/\/2022.tutorium.pt\/","logo":{"@type":"ImageObject","inLanguage":"pt-PT","@id":"https:\/\/2022.tutorium.pt\/#\/schema\/logo\/image\/","url":"https:\/\/2022.tutorium.pt\/wp-content\/uploads\/2022\/02\/tutorium_logo.png","contentUrl":"https:\/\/2022.tutorium.pt\/wp-content\/uploads\/2022\/02\/tutorium_logo.png","width":300,"height":123,"caption":"Tutorium Servi\u00e7os"},"image":{"@id":"https:\/\/2022.tutorium.pt\/#\/schema\/logo\/image\/"},"sameAs":["https:\/\/www.facebook.com\/Traducao.Design"]}]}},"_links":{"self":[{"href":"https:\/\/2022.tutorium.pt\/index.php\/wp-json\/wp\/v2\/pages\/4284","targetHints":{"allow":["GET"]}}],"collection":[{"href":"https:\/\/2022.tutorium.pt\/index.php\/wp-json\/wp\/v2\/pages"}],"about":[{"href":"https:\/\/2022.tutorium.pt\/index.php\/wp-json\/wp\/v2\/types\/page"}],"author":[{"embeddable":true,"href":"https:\/\/2022.tutorium.pt\/index.php\/wp-json\/wp\/v2\/users\/1"}],"replies":[{"embeddable":true,"href":"https:\/\/2022.tutorium.pt\/index.php\/wp-json\/wp\/v2\/comments?post=4284"}],"version-history":[{"count":8,"href":"https:\/\/2022.tutorium.pt\/index.php\/wp-json\/wp\/v2\/pages\/4284\/revisions"}],"predecessor-version":[{"id":4401,"href":"https:\/\/2022.tutorium.pt\/index.php\/wp-json\/wp\/v2\/pages\/4284\/revisions\/4401"}],"wp:featuredmedia":[{"embeddable":true,"href":"https:\/\/2022.tutorium.pt\/index.php\/wp-json\/wp\/v2\/media\/4345"}],"wp:attachment":[{"href":"https:\/\/2022.tutorium.pt\/index.php\/wp-json\/wp\/v2\/media?parent=4284"}],"curies":[{"name":"wp","href":"https:\/\/api.w.org\/{rel}","templated":true}]}}